{"id":1710,"date":"2026-02-10T11:07:43","date_gmt":"2026-02-10T11:07:43","guid":{"rendered":"http:\/\/raian.taiendkoolitused.ee\/about\/"},"modified":"2026-02-16T19:53:53","modified_gmt":"2026-02-16T19:53:53","slug":"about","status":"publish","type":"page","link":"https:\/\/raian.taiendkoolitused.ee\/en\/about\/","title":{"rendered":"About"},"content":{"rendered":"<div data-elementor-type=\"wp-page\" data-elementor-id=\"1710\" class=\"elementor elementor-1710\">\n\t\t\t\t<div class=\"elementor-element elementor-element-4094ee7 e-flex e-con-boxed e-con e-parent\" data-id=\"4094ee7\" data-element_type=\"container\" data-e-type=\"container\" data-settings=\"{&quot;background_background&quot;:&quot;classic&quot;}\">\n\t\t\t\t\t<div class=\"e-con-inner\">\n\t\t<div class=\"elementor-element elementor-element-8695738 e-con-full e-flex e-con e-child\" data-id=\"8695738\" data-element_type=\"container\" data-e-type=\"container\">\n\t\t\t\t<div class=\"elementor-element elementor-element-2646c9c elementor-widget elementor-widget-heading\" data-id=\"2646c9c\" data-element_type=\"widget\" data-e-type=\"widget\" data-widget_type=\"heading.default\">\n\t\t\t\t<div class=\"elementor-widget-container\">\n\t\t\t\t\t<h1 class=\"elementor-heading-title elementor-size-default\">Meist<\/h1>\t\t\t\t<\/div>\n\t\t\t\t<\/div>\n\t\t\t\t<\/div>\n\t\t\t\t\t<\/div>\n\t\t\t\t<\/div>\n\t\t<div class=\"elementor-element elementor-element-e90f62c e-flex e-con-boxed e-con e-parent\" data-id=\"e90f62c\" data-element_type=\"container\" data-e-type=\"container\">\n\t\t\t\t\t<div class=\"e-con-inner\">\n\t\t<div class=\"elementor-element elementor-element-0c682a2 e-con-full e-flex e-con e-child\" data-id=\"0c682a2\" data-element_type=\"container\" data-e-type=\"container\">\n\t\t\t\t<div class=\"elementor-element elementor-element-cc91ee5 elementor-widget elementor-widget-image\" data-id=\"cc91ee5\" data-element_type=\"widget\" data-e-type=\"widget\" data-widget_type=\"image.default\">\n\t\t\t\t<div class=\"elementor-widget-container\">\n\t\t\t\t\t\t\t\t\t\t\t\t\t\t\t<img fetchpriority=\"high\" decoding=\"async\" width=\"1707\" height=\"2560\" src=\"https:\/\/raian.taiendkoolitused.ee\/wp-content\/uploads\/2026\/02\/pexels-grigoriy-3808567-10083955-scaled.jpg\" class=\"attachment-full size-full wp-image-2436\" alt=\"pexels grigoriy 3808567 10083955\" srcset=\"https:\/\/raian.taiendkoolitused.ee\/wp-content\/uploads\/2026\/02\/pexels-grigoriy-3808567-10083955-scaled.jpg 1707w, https:\/\/raian.taiendkoolitused.ee\/wp-content\/uploads\/2026\/02\/pexels-grigoriy-3808567-10083955-scaled-600x900.jpg 600w, https:\/\/raian.taiendkoolitused.ee\/wp-content\/uploads\/2026\/02\/pexels-grigoriy-3808567-10083955-200x300.jpg 200w, https:\/\/raian.taiendkoolitused.ee\/wp-content\/uploads\/2026\/02\/pexels-grigoriy-3808567-10083955-683x1024.jpg 683w, https:\/\/raian.taiendkoolitused.ee\/wp-content\/uploads\/2026\/02\/pexels-grigoriy-3808567-10083955-768x1152.jpg 768w, https:\/\/raian.taiendkoolitused.ee\/wp-content\/uploads\/2026\/02\/pexels-grigoriy-3808567-10083955-1024x1536.jpg 1024w, https:\/\/raian.taiendkoolitused.ee\/wp-content\/uploads\/2026\/02\/pexels-grigoriy-3808567-10083955-1365x2048.jpg 1365w\" sizes=\"(max-width: 1707px) 100vw, 1707px\" title=\"About\">\t\t\t\t\t\t\t\t\t\t\t\t\t\t\t<\/div>\n\t\t\t\t<\/div>\n\t\t\t\t<\/div>\n\t\t<div class=\"elementor-element elementor-element-b29abee e-con-full e-flex e-con e-child\" data-id=\"b29abee\" data-element_type=\"container\" data-e-type=\"container\">\n\t\t\t\t<div class=\"elementor-element elementor-element-5990b83 elementor-widget elementor-widget-text-editor\" data-id=\"5990b83\" data-element_type=\"widget\" data-e-type=\"widget\" data-widget_type=\"text-editor.default\">\n\t\t\t\t<div class=\"elementor-widget-container\">\n\t\t\t\t\t\t\t\t\t<p>KUUNSI O\u00dc on Ruhnu saarel baseeruv v\u00e4iketootja, kes teeb looduse kingitustest maitsvaid ja praktilisi gurmeetooteid. Meie jaoks on k\u00f5ige olulisem, et iga purgi ja teetableti taga oleks p\u00e4ris lugu \u2013 saar, mets, meri ja rahulik, l\u00e4bim\u00f5eldud t\u00f6\u00f6.<\/p><p>Toorained korjame Ruhnu loodusest hoolikalt ja v\u00e4ikeste kogustena. Valmistame m\u00e4nnik\u00e4bid siirupis ning kokkusurutud taimeteed ehk teetabletid, mis on mugavad kaasa v\u00f5tta, annavad rikkaliku maitse ja s\u00e4ilitavad taimede aroomi. K\u00f5ik tooted valmivad k\u00e4sit\u00f6\u00f6na ning me p\u00f6\u00f6rame t\u00e4helepanu nii koostisele kui ka sellele, et pakend oleks lihtne ja ilus \u2013 sobiks ka kingituseks.<\/p><p>Meie eesm\u00e4rk on pakkuda midagi enamat kui lihtsalt toodet: tuua sinuni killuke Ruhnut \u2013 maitset, mis meenutab suve, metsateed ja saare rahu. Olgu see tee\u00f5htu, k\u00fclakost v\u00f5i suveniir, mis j\u00e4\u00e4b meelde.<br \/>Ait\u00e4h, et toetad v\u00e4ikest Eesti saaretootjat ja valid kohaliku.<\/p>\t\t\t\t\t\t\t\t<\/div>\n\t\t\t\t<\/div>\n\t\t\t\t<\/div>\n\t\t\t\t\t<\/div>\n\t\t\t\t<\/div>\n\t\t\t\t<\/div>","protected":false},"excerpt":{"rendered":"<p>Meist KUUNSI O\u00dc on Ruhnu saarel baseeruv v\u00e4iketootja, kes teeb looduse kingitustest maitsvaid ja praktilisi gurmeetooteid. Meie jaoks on k\u00f5ige olulisem, et iga purgi ja teetableti taga oleks p\u00e4ris lugu \u2013 saar, mets, meri ja rahulik, l\u00e4bim\u00f5eldud t\u00f6\u00f6. Toorained korjame Ruhnu loodusest hoolikalt ja v\u00e4ikeste kogustena. Valmistame m\u00e4nnik\u00e4bid siirupis ning kokkusurutud taimeteed ehk teetabletid, mis [&hellip;]<\/p>\n","protected":false},"author":1,"featured_media":0,"parent":0,"menu_order":0,"comment_status":"closed","ping_status":"closed","template":"","meta":{"site-sidebar-layout":"no-sidebar","site-content-layout":"page-builder","ast-site-content-layout":"default","site-content-style":"default","site-sidebar-style":"default","ast-global-header-display":"","ast-banner-title-visibility":"","ast-main-header-display":"","ast-hfb-above-header-display":"","ast-hfb-below-header-display":"","ast-hfb-mobile-header-display":"","site-post-title":"disabled","ast-breadcrumbs-content":"","ast-featured-img":"disabled","footer-sml-layout":"","ast-disable-related-posts":"","theme-transparent-header-meta":"enabled","adv-header-id-meta":"","stick-header-meta":"","header-above-stick-meta":"","header-main-stick-meta":"","header-below-stick-meta":"","astra-migrate-meta-layouts":"default","ast-page-background-enabled":"default","ast-page-background-meta":{"desktop":{"background-color":"var(--ast-global-color-4)","background-image":"","background-repeat":"repeat","background-position":"center center","background-size":"auto","background-attachment":"scroll","background-type":"","background-media":"","overlay-type":"","overlay-color":"","overlay-opacity":"","overlay-gradient":""},"tablet":{"background-color":"","background-image":"","background-repeat":"repeat","background-position":"center center","background-size":"auto","background-attachment":"scroll","background-type":"","background-media":"","overlay-type":"","overlay-color":"","overlay-opacity":"","overlay-gradient":""},"mobile":{"background-color":"","background-image":"","background-repeat":"repeat","background-position":"center center","background-size":"auto","background-attachment":"scroll","background-type":"","background-media":"","overlay-type":"","overlay-color":"","overlay-opacity":"","overlay-gradient":""}},"ast-content-background-meta":{"desktop":{"background-color":"var(--ast-global-color-5)","background-image":"","background-repeat":"repeat","background-position":"center center","background-size":"auto","background-attachment":"scroll","background-type":"","background-media":"","overlay-type":"","overlay-color":"","overlay-opacity":"","overlay-gradient":""},"tablet":{"background-color":"var(--ast-global-color-5)","background-image":"","background-repeat":"repeat","background-position":"center center","background-size":"auto","background-attachment":"scroll","background-type":"","background-media":"","overlay-type":"","overlay-color":"","overlay-opacity":"","overlay-gradient":""},"mobile":{"background-color":"var(--ast-global-color-5)","background-image":"","background-repeat":"repeat","background-position":"center center","background-size":"auto","background-attachment":"scroll","background-type":"","background-media":"","overlay-type":"","overlay-color":"","overlay-opacity":"","overlay-gradient":""}},"footnotes":""},"class_list":["post-1710","page","type-page","status-publish","hentry"],"_links":{"self":[{"href":"https:\/\/raian.taiendkoolitused.ee\/en\/wp-json\/wp\/v2\/pages\/1710","targetHints":{"allow":["GET"]}}],"collection":[{"href":"https:\/\/raian.taiendkoolitused.ee\/en\/wp-json\/wp\/v2\/pages"}],"about":[{"href":"https:\/\/raian.taiendkoolitused.ee\/en\/wp-json\/wp\/v2\/types\/page"}],"author":[{"embeddable":true,"href":"https:\/\/raian.taiendkoolitused.ee\/en\/wp-json\/wp\/v2\/users\/1"}],"replies":[{"embeddable":true,"href":"https:\/\/raian.taiendkoolitused.ee\/en\/wp-json\/wp\/v2\/comments?post=1710"}],"version-history":[{"count":5,"href":"https:\/\/raian.taiendkoolitused.ee\/en\/wp-json\/wp\/v2\/pages\/1710\/revisions"}],"predecessor-version":[{"id":2474,"href":"https:\/\/raian.taiendkoolitused.ee\/en\/wp-json\/wp\/v2\/pages\/1710\/revisions\/2474"}],"wp:attachment":[{"href":"https:\/\/raian.taiendkoolitused.ee\/en\/wp-json\/wp\/v2\/media?parent=1710"}],"curies":[{"name":"wp","href":"https:\/\/api.w.org\/{rel}","templated":true}]}}